{"id":3633,"date":"2023-08-25T10:41:28","date_gmt":"2023-08-25T10:41:28","guid":{"rendered":"https:\/\/www.manstechnic.com\/skelex\/"},"modified":"2023-10-16T11:20:12","modified_gmt":"2023-10-16T11:20:12","slug":"skelex","status":"publish","type":"page","link":"https:\/\/www.manstechnic.com\/en\/skelex\/","title":{"rendered":"Skelex"},"content":{"rendered":"\t\t<div data-elementor-type=\"wp-page\" data-elementor-id=\"3633\" class=\"elementor elementor-3633 elementor-3117\">\n\t\t\t\t\t\t<section class=\"elementor-section elementor-top-section elementor-element elementor-element-5e4cd5a elementor-section-full_width elementor-section-height-default elementor-section-height-default\" data-id=\"5e4cd5a\" data-element_type=\"section\">\n\t\t\t\t\t\t<div class=\"elementor-container elementor-column-gap-no\">\n\t\t\t\t\t<div class=\"elementor-column elementor-col-100 elementor-top-column elementor-element elementor-element-888b7ef\" data-id=\"888b7ef\" data-element_type=\"column\">\n\t\t\t<div class=\"elementor-widget-wrap elementor-element-populated\">\n\t\t\t\t\t\t<div class=\"elementor-element elementor-element-44a25e9 elementor-widget elementor-widget-slider bdevs-el slider\" data-id=\"44a25e9\" data-element_type=\"widget\" data-settings=\"{&quot;design_style&quot;:&quot;style_2&quot;}\" data-widget_type=\"slider.default\">\n\t\t\t\t<div class=\"elementor-widget-container\">\n\t\t\t\r\n\r\n                <section class=\"slider1 home2\">\r\n            <div class=\"slider1__wrapper\">\r\n                <div class=\"slider1__active owl-carousel owl-theme\" data-controls=\"{&quot;show_nav&quot;:false,&quot;dot_nav_show&quot;:&quot;&quot;,&quot;auto_nav_slide&quot;:&quot;&quot;,&quot;ts_slider_speed&quot;:&quot;5000&quot;}\">\r\n                                        <div class=\"slider1__item slider1__height slider1__img-03 d-flex align-items-center justify-content-center sl-overlay\">\r\n                        <div class=\"slider-bg-img\" data-background=\"https:\/\/www.manstechnic.com\/wp-content\/uploads\/2023\/08\/skelex_banner.jpg\"><\/div>\r\n                                                    <div class=\"slider-circle-shape slider-circle-shape-2\"><\/div>\r\n                            <div class=\"slider-circle-shape-sm slider-circle-shape-sm-2\"><\/div>\r\n                                                <div class=\"container\">\r\n                            <div class=\"row\">\r\n                                <div class=\"col-xl-7\">\r\n                                    <div class=\"slider1__content slider-z-index bdevs-el-content\">\r\n                                        \r\n                                                                                <div class=\"mb-30 fix\">\r\n                                            <h2 data-animation=\"fadeInUp2\" data-delay=\".5s\" data-duration=\"1.2s\"\r\n                                                class=\"animated fadeInUp2 bdevs-el-title\">\r\n                                                 Neden \u0130nsan Potansiyeli Taraf\u0131ndan Motive Ediliriz?                                            <\/h2>\r\n                                        <\/div>\r\n                                        \r\n                                                                                <div class=\"fix mb-20\">\r\n                                            <p data-animation=\"fadeInUp2\" data-delay=\".7s\" data-duration=\"1.2s\"\r\n                                                class=\"animated fadeInUp2\">\r\n                                                Skelex\u2019te misyonumuz, insanlar\u0131 insan potansiyellerini a\u015fmalar\u0131 i\u00e7in g\u00fc\u00e7lendirmektir.                                             <\/p>\r\n                                        <\/div>\r\n                                        \r\n                                        <div class=\"fix pb-35\">\r\n                                        <!-- button one  -->\r\n                                         \r\n\r\n                                        <!-- button two  -->\r\n                                                                                <\/div>\r\n                                    <\/div>\r\n                                <\/div>\r\n                            <\/div>\r\n                        <\/div>\r\n                    <\/div>\r\n                                    <\/div>\r\n            <\/div>\r\n        <\/section>\r\n\r\n        \r\n        \t\t<\/div>\n\t\t\t\t<\/div>\n\t\t\t\t\t<\/div>\n\t\t<\/div>\n\t\t\t\t\t<\/div>\n\t\t<\/section>\n\t\t\t\t<section class=\"elementor-section elementor-top-section elementor-element elementor-element-3987f35 elementor-section-full_width elementor-section-height-default elementor-section-height-default\" data-id=\"3987f35\" data-element_type=\"section\">\n\t\t\t\t\t\t<div class=\"elementor-container elementor-column-gap-no\">\n\t\t\t\t\t<div class=\"elementor-column elementor-col-100 elementor-top-column elementor-element elementor-element-6855a77\" data-id=\"6855a77\" data-element_type=\"column\">\n\t\t\t<div class=\"elementor-widget-wrap elementor-element-populated\">\n\t\t\t\t\t\t<div class=\"elementor-element elementor-element-956cc47 elementor-widget elementor-widget-about-tab bdevs-el about-tab\" data-id=\"956cc47\" data-element_type=\"widget\" data-settings=\"{&quot;design_style&quot;:&quot;style_2&quot;}\" data-widget_type=\"about-tab.default\">\n\t\t\t\t<div class=\"elementor-widget-container\">\n\t\t\t\r\n\r\n                    <section class=\"about3 hero-content\">\r\n                        \r\n            <div class=\"content_box_120_70\">\r\n                <div class=\"container\">\r\n                                        <div class=\"row\">\r\n                        <div class=\"col-lg-6 d-flex align-items-center\">\r\n                            <div class=\"about3__wrapper\">\r\n                                <div class=\"title_style1 mb-20\">\r\n                                     \r\n                                    <h5 class=\"bdevs-el-subtitle\">\u00c7\u00f6z\u00fcm Ortaklar\u0131m\u0131z<\/h5>\r\n                                    \r\n                                     \r\n                                    <h2 class=\"bdevs-el-title\">skelex | daha g\u00fcvenli, daha g\u00fc\u00e7l\u00fc<\/h2>\r\n                                                                    <\/div>\r\n                                <div class=\"about3__content mb-50\">\r\n                                                                            <p class=\"bdevs-card-text\">Skelex\u2019te misyonumuz, insanlar\u0131 insan potansiyellerini a\u015fmalar\u0131 i\u00e7in g\u00fc\u00e7lendirmektir. Do\u011fru destekle sanayi \u00e7al\u0131\u015fanlar\u0131n\u0131n daha g\u00fcvenli, daha g\u00fc\u00e7l\u00fc ve i\u015fle ilgili yaralanmalara daha az e\u011filimli olabilece\u011fine inan\u0131yoruz. M\u00fchendislik, tasar\u0131m ve insan v\u00fccudu anlay\u0131\u015f\u0131m\u0131z\u0131 birle\u015ftirerek. Gelece\u011fin i\u015f\u00e7isinin ara\u00e7lar\u0131n\u0131 bug\u00fcn\u00fcn i\u015f g\u00fcc\u00fcne getirmek i\u00e7in yenilikler yap\u0131yoruz.<\/p>\r\n                                                                                                       <\/div>\r\n                            <\/div>\r\n                        <\/div>\r\n                        <div class=\"col-lg-6\">\r\n                                                        <div class=\"about3__thumb1 mb-50\">\r\n                                <img decoding=\"async\" class=\"img-fluid\" src=\"https:\/\/www.manstechnic.com\/wp-content\/uploads\/2023\/08\/skelex_logo_1.jpg\"\r\n                                    alt=\"About Image\">\r\n                            <\/div>\r\n                                                    <\/div>\r\n                    <\/div>\r\n                        \r\n                <\/div>\r\n            <\/div>\r\n        <\/section> \r\n\r\n        \r\n\r\n        \t\t<\/div>\n\t\t\t\t<\/div>\n\t\t\t\t\t<\/div>\n\t\t<\/div>\n\t\t\t\t\t<\/div>\n\t\t<\/section>\n\t\t\t\t<section class=\"elementor-section elementor-top-section elementor-element elementor-element-0b65e52 elementor-section-boxed elementor-section-height-default elementor-section-height-default\" data-id=\"0b65e52\" data-element_type=\"section\">\n\t\t\t\t\t\t<div class=\"elementor-container elementor-column-gap-default\">\n\t\t\t\t\t<div class=\"elementor-column elementor-col-100 elementor-top-column elementor-element elementor-element-92c1c41\" data-id=\"92c1c41\" data-element_type=\"column\">\n\t\t\t<div class=\"elementor-widget-wrap elementor-element-populated\">\n\t\t\t\t\t\t<div class=\"elementor-element elementor-element-469850e elementor-widget elementor-widget-video\" data-id=\"469850e\" data-element_type=\"widget\" data-settings=\"{&quot;video_type&quot;:&quot;hosted&quot;,&quot;controls&quot;:&quot;yes&quot;}\" data-widget_type=\"video.default\">\n\t\t\t\t<div class=\"elementor-widget-container\">\n\t\t\t\t\t<div class=\"e-hosted-video elementor-wrapper elementor-open-inline\">\n\t\t\t\t\t<video class=\"elementor-video\" src=\"https:\/\/www.manstechnic.com\/wp-content\/uploads\/2023\/08\/SKELEX360-longv3.mp4\" controls=\"\" preload=\"metadata\" controlsList=\"nodownload\"><\/video>\n\t\t\t\t<\/div>\n\t\t\t\t<\/div>\n\t\t\t\t<\/div>\n\t\t\t\t\t<\/div>\n\t\t<\/div>\n\t\t\t\t\t<\/div>\n\t\t<\/section>\n\t\t\t\t<section class=\"elementor-section elementor-top-section elementor-element elementor-element-d1d8cf0 elementor-section-boxed elementor-section-height-default elementor-section-height-default\" data-id=\"d1d8cf0\" data-element_type=\"section\">\n\t\t\t\t\t\t\t<div class=\"elementor-background-overlay\"><\/div>\n\t\t\t\t\t\t\t<div class=\"elementor-container elementor-column-gap-default\">\n\t\t\t\t\t<div class=\"elementor-column elementor-col-33 elementor-top-column elementor-element elementor-element-c9daff1\" data-id=\"c9daff1\" data-element_type=\"column\">\n\t\t\t<div class=\"elementor-widget-wrap elementor-element-populated\">\n\t\t\t\t\t\t<div class=\"elementor-element elementor-element-6abd3cb elementor-view-default elementor-position-top elementor-mobile-position-top elementor-widget elementor-widget-icon-box\" data-id=\"6abd3cb\" data-element_type=\"widget\" data-widget_type=\"icon-box.default\">\n\t\t\t\t<div class=\"elementor-widget-container\">\n\t\t\t\t\t<div class=\"elementor-icon-box-wrapper\">\n\n\t\t\t\t\t\t<div class=\"elementor-icon-box-icon\">\n\t\t\t\t<a href=\"mailto:info@manstechnic.com\" class=\"elementor-icon elementor-animation-\" tabindex=\"-1\">\n\t\t\t\t<i aria-hidden=\"true\" class=\"far fa-envelope\"><\/i>\t\t\t\t<\/a>\n\t\t\t<\/div>\n\t\t\t\n\t\t\t\t\t\t<div class=\"elementor-icon-box-content\">\n\n\t\t\t\t\t\t\t\t\t<h3 class=\"elementor-icon-box-title\">\n\t\t\t\t\t\t<a href=\"mailto:info@manstechnic.com\" >\n\t\t\t\t\t\t\tE-Posta\t\t\t\t\t\t<\/a>\n\t\t\t\t\t<\/h3>\n\t\t\t\t\n\t\t\t\t\t\t\t\t\t<p class=\"elementor-icon-box-description\">\n\t\t\t\t\t\tinfo@manstechnic.com\t\t\t\t\t<\/p>\n\t\t\t\t\n\t\t\t<\/div>\n\t\t\t\n\t\t<\/div>\n\t\t\t\t<\/div>\n\t\t\t\t<\/div>\n\t\t\t\t\t<\/div>\n\t\t<\/div>\n\t\t\t\t<div class=\"elementor-column elementor-col-33 elementor-top-column elementor-element elementor-element-f12c24d\" data-id=\"f12c24d\" data-element_type=\"column\">\n\t\t\t<div class=\"elementor-widget-wrap elementor-element-populated\">\n\t\t\t\t\t\t<div class=\"elementor-element elementor-element-2b45ffb elementor-view-default elementor-position-top elementor-mobile-position-top elementor-widget elementor-widget-icon-box\" data-id=\"2b45ffb\" data-element_type=\"widget\" data-widget_type=\"icon-box.default\">\n\t\t\t\t<div class=\"elementor-widget-container\">\n\t\t\t\t\t<div class=\"elementor-icon-box-wrapper\">\n\n\t\t\t\t\t\t<div class=\"elementor-icon-box-icon\">\n\t\t\t\t<a href=\"tel:\/\/+905339270042%20\" class=\"elementor-icon elementor-animation-\" tabindex=\"-1\">\n\t\t\t\t<i aria-hidden=\"true\" class=\"fas fa-phone\"><\/i>\t\t\t\t<\/a>\n\t\t\t<\/div>\n\t\t\t\n\t\t\t\t\t\t<div class=\"elementor-icon-box-content\">\n\n\t\t\t\t\t\t\t\t\t<h3 class=\"elementor-icon-box-title\">\n\t\t\t\t\t\t<a href=\"tel:\/\/+905339270042%20\" >\n\t\t\t\t\t\t\tTelefon\t\t\t\t\t\t<\/a>\n\t\t\t\t\t<\/h3>\n\t\t\t\t\n\t\t\t\t\t\t\t\t\t<p class=\"elementor-icon-box-description\">\n\t\t\t\t\t\t +90 533 927 00 42 \t\t\t\t\t<\/p>\n\t\t\t\t\n\t\t\t<\/div>\n\t\t\t\n\t\t<\/div>\n\t\t\t\t<\/div>\n\t\t\t\t<\/div>\n\t\t\t\t\t<\/div>\n\t\t<\/div>\n\t\t\t\t<div class=\"elementor-column elementor-col-33 elementor-top-column elementor-element elementor-element-827d9af\" data-id=\"827d9af\" data-element_type=\"column\">\n\t\t\t<div class=\"elementor-widget-wrap elementor-element-populated\">\n\t\t\t\t\t\t<div class=\"elementor-element elementor-element-7ba3f68 elementor-view-default elementor-position-top elementor-mobile-position-top elementor-widget elementor-widget-icon-box\" data-id=\"7ba3f68\" data-element_type=\"widget\" data-widget_type=\"icon-box.default\">\n\t\t\t\t<div class=\"elementor-widget-container\">\n\t\t\t\t\t<div class=\"elementor-icon-box-wrapper\">\n\n\t\t\t\t\t\t<div class=\"elementor-icon-box-icon\">\n\t\t\t\t<a href=\"mailto:info@manstechnic.com\" class=\"elementor-icon elementor-animation-\" tabindex=\"-1\">\n\t\t\t\t<i aria-hidden=\"true\" class=\"far fa-map\"><\/i>\t\t\t\t<\/a>\n\t\t\t<\/div>\n\t\t\t\n\t\t\t\t\t\t<div class=\"elementor-icon-box-content\">\n\n\t\t\t\t\t\t\t\t\t<h3 class=\"elementor-icon-box-title\">\n\t\t\t\t\t\t<a href=\"mailto:info@manstechnic.com\" >\n\t\t\t\t\t\t\tAdres\t\t\t\t\t\t<\/a>\n\t\t\t\t\t<\/h3>\n\t\t\t\t\n\t\t\t\t\t\t\t\t\t<p class=\"elementor-icon-box-description\">\n\t\t\t\t\t\tG\u00fczelbah\u00e7e \/ \u0130zmir\t\t\t\t\t<\/p>\n\t\t\t\t\n\t\t\t<\/div>\n\t\t\t\n\t\t<\/div>\n\t\t\t\t<\/div>\n\t\t\t\t<\/div>\n\t\t\t\t\t<\/div>\n\t\t<\/div>\n\t\t\t\t\t<\/div>\n\t\t<\/section>\n\t\t\t\t<\/div>\n\t\t","protected":false},"excerpt":{"rendered":"<p>Neden \u0130nsan Potansiyeli Taraf\u0131ndan Motive Ediliriz? Skelex\u2019te misyonumuz, insanlar\u0131 insan potansiyellerini a\u015fmalar\u0131 i\u00e7in g\u00fc\u00e7lendirmektir. \u00c7\u00f6z\u00fcm Ortaklar\u0131m\u0131z skelex | daha g\u00fcvenli, daha g\u00fc\u00e7l\u00fc Skelex\u2019te misyonumuz, insanlar\u0131 insan potansiyellerini a\u015fmalar\u0131 i\u00e7in g\u00fc\u00e7lendirmektir. Do\u011fru destekle sanayi \u00e7al\u0131\u015fanlar\u0131n\u0131n daha g\u00fcvenli, daha g\u00fc\u00e7l\u00fc ve i\u015fle ilgili yaralanmalara daha az e\u011filimli olabilece\u011fine inan\u0131yoruz. M\u00fchendislik, tasar\u0131m ve insan v\u00fccudu anlay\u0131\u015f\u0131m\u0131z\u0131 birle\u015ftirerek. Gelece\u011fin [&hellip;]<\/p>\n","protected":false},"author":1,"featured_media":0,"parent":0,"menu_order":0,"comment_status":"closed","ping_status":"closed","template":"elementor_header_footer","meta":{"_acf_changed":false,"footnotes":""},"class_list":["post-3633","page","type-page","status-publish","hentry"],"acf":[],"_links":{"self":[{"href":"https:\/\/www.manstechnic.com\/en\/wp-json\/wp\/v2\/pages\/3633","targetHints":{"allow":["GET"]}}],"collection":[{"href":"https:\/\/www.manstechnic.com\/en\/wp-json\/wp\/v2\/pages"}],"about":[{"href":"https:\/\/www.manstechnic.com\/en\/wp-json\/wp\/v2\/types\/page"}],"author":[{"embeddable":true,"href":"https:\/\/www.manstechnic.com\/en\/wp-json\/wp\/v2\/users\/1"}],"replies":[{"embeddable":true,"href":"https:\/\/www.manstechnic.com\/en\/wp-json\/wp\/v2\/comments?post=3633"}],"version-history":[{"count":1,"href":"https:\/\/www.manstechnic.com\/en\/wp-json\/wp\/v2\/pages\/3633\/revisions"}],"predecessor-version":[{"id":3660,"href":"https:\/\/www.manstechnic.com\/en\/wp-json\/wp\/v2\/pages\/3633\/revisions\/3660"}],"wp:attachment":[{"href":"https:\/\/www.manstechnic.com\/en\/wp-json\/wp\/v2\/media?parent=3633"}],"curies":[{"name":"wp","href":"https:\/\/api.w.org\/{rel}","templated":true}]}}